{"id":5346,"date":"2024-09-04T14:54:34","date_gmt":"2024-09-04T14:54:34","guid":{"rendered":"https:\/\/patriciadiez.com\/?page_id=5346"},"modified":"2024-09-04T14:54:58","modified_gmt":"2024-09-04T14:54:58","slug":"avis-legal","status":"publish","type":"page","link":"https:\/\/patriciadiez.com\/es\/avis-legal","title":{"rendered":"Avis Legal"},"content":{"rendered":"\n[et_pb_section fb_built=&#8221;1&#8243; admin_label=&#8221;Services&#8221; _builder_version=&#8221;4.21.0&#8243; _module_preset=&#8221;default&#8221; collapsed=&#8221;on&#8221; global_colors_info=&#8221;{}&#8221; theme_builder_area=&#8221;post_content&#8221;][et_pb_row _builder_version=&#8221;4.21.0&#8243; _module_preset=&#8221;default&#8221; max_width=&#8221;800px&#8221; global_colors_info=&#8221;{}&#8221; theme_builder_area=&#8221;post_content&#8221;][et_pb_column type=&#8221;4_4&#8243; _builder_version=&#8221;4.21.0&#8243; _module_preset=&#8221;default&#8221; global_colors_info=&#8221;{}&#8221; theme_builder_area=&#8221;post_content&#8221;][et_pb_text _builder_version=&#8221;4.27.0&#8243; _module_preset=&#8221;17446380-b4d1-467a-89f7-c63b32e00f93&#8243; header_2_font=&#8221;Martel Sans||||||||&#8221; text_orientation=&#8221;center&#8221; custom_margin=&#8221;||10px||false|false&#8221; hover_enabled=&#8221;0&#8243; global_colors_info=&#8221;{}&#8221; theme_builder_area=&#8221;post_content&#8221; sticky_enabled=&#8221;0&#8243;]<h2>Av\u00eds Legal<\/h2>[\/et_pb_text][\/et_pb_column][\/et_pb_row][et_pb_row _builder_version=&#8221;4.27.0&#8243; _module_preset=&#8221;default&#8221; global_colors_info=&#8221;{}&#8221; theme_builder_area=&#8221;post_content&#8221;][et_pb_column type=&#8221;4_4&#8243; _builder_version=&#8221;4.27.0&#8243; _module_preset=&#8221;default&#8221; global_colors_info=&#8221;{}&#8221; theme_builder_area=&#8221;post_content&#8221;][et_pb_text _builder_version=&#8221;4.27.0&#8243; _module_preset=&#8221;default&#8221; hover_enabled=&#8221;0&#8243; global_colors_info=&#8221;{}&#8221; theme_builder_area=&#8221;post_content&#8221; sticky_enabled=&#8221;0&#8243;]<p class=\"p1\">Aquest document estableix els termes en qu\u00e8 es regula l\u2019acc\u00e9s i \u00fas del lloc web <a href=\"https:\/\/patriciadiez.com\/\">https:\/\/patriciadiez.com\/<\/a> (en endavant, el \u201cLloc web\u201d), titularitat de <b>Patricia D\u00edez Elipe<\/b> (en endavant, la \u201cTitular\u201d). En accedir i utilitzar aquest Lloc web, l\u2019usuari accepta les condicions d\u2019\u00fas que es detallen a continuaci\u00f3.<\/p>\n<p class=\"p2\">\n<p class=\"p3\"><b>1. Titularitat del lloc web<\/b><\/p>\n<p class=\"p2\">\n<p class=\"p1\">En compliment de l\u2019article 10 de la <b>Llei 34\/2002<\/b>, d\u201911 de juliol, de serveis de la societat de la informaci\u00f3 i de comer\u00e7 electr\u00f2nic (LSSI-CE), s\u2019informa que el responsable i titular del Lloc web \u00e9s:<\/p>\n<p class=\"p2\">\n<p class=\"p4\"><span class=\"Apple-tab-span\"> <\/span>\u2022<span class=\"Apple-tab-span\"> <\/span><b>Patricia D\u00edez Elipe<\/b><\/p>\n<p class=\"p4\"><span class=\"Apple-tab-span\"> <\/span>\u2022<span class=\"Apple-tab-span\"> <\/span><b>NIF<\/b>: 43558969M<\/p>\n<p class=\"p4\"><span class=\"Apple-tab-span\"> <\/span>\u2022<span class=\"Apple-tab-span\"> <\/span><b>Adre\u00e7a<\/b>: Llull 356, Torre B, 3-6, 08019 Barcelona, Espanya<\/p>\n<p class=\"p4\"><span class=\"Apple-tab-span\"> <\/span>\u2022<span class=\"Apple-tab-span\"> <\/span><b>Correu electr\u00f2nic<\/b>: patriciadiezelipe@gmail.com<\/p>\n<p class=\"p4\"><span class=\"Apple-tab-span\"> <\/span>\u2022<span class=\"Apple-tab-span\"> <\/span><b>Tel\u00e8fon<\/b>: 697 43 56 29<\/p>\n<p class=\"p2\">\n<p class=\"p3\"><b>2. Objecte<\/b><\/p>\n<p class=\"p2\">\n<p class=\"p1\">El Lloc web proporciona informaci\u00f3 sobre els serveis, activitats i continguts relacionats amb <b>Patricia D\u00edez Elipe<\/b>. L\u2019acc\u00e9s al Lloc web \u00e9s gratu\u00eft, a excepci\u00f3 de la connexi\u00f3 a Internet que hagi de contractar l\u2019usuari amb el seu prove\u00efdor de serveis.<\/p>\n<p class=\"p2\">\n<p class=\"p3\"><b>3. Condicions d\u2019\u00fas<\/b><\/p>\n<p class=\"p2\">\n<p class=\"p1\">En accedir a aquest Lloc web, l\u2019usuari es compromet a utilitzar-lo de conformitat amb la legislaci\u00f3 vigent, aquest av\u00eds legal, i qualsevol altra normativa aplicable. L\u2019usuari es compromet a no utilitzar el Lloc web amb fins il\u00b7l\u00edcits o contraris a aquests termes i condicions.<\/p>\n<p class=\"p2\">\n<p class=\"p1\"><b>Prohibicions<\/b>: Queda prohibit l\u2019\u00fas del Lloc web per a:<\/p>\n<p class=\"p2\">\n<p class=\"p4\"><span class=\"Apple-tab-span\"> <\/span>\u2022<span class=\"Apple-tab-span\"> <\/span>Difondre continguts il\u00b7l\u00edcits, ofensius, difamatoris o qualsevol altre que infringeixi els drets de tercers.<\/p>\n<p class=\"p4\"><span class=\"Apple-tab-span\"> <\/span>\u2022<span class=\"Apple-tab-span\"> <\/span>Realitzar activitats que puguin danyar els sistemes f\u00edsics i l\u00f2gics del Lloc web, dels seus prove\u00efdors, o de tercers.<\/p>\n<p class=\"p4\"><span class=\"Apple-tab-span\"> <\/span>\u2022<span class=\"Apple-tab-span\"> <\/span>Introduir o difondre virus inform\u00e0tics o altres sistemes que puguin causar danys.<\/p>\n<p class=\"p2\">\n<p class=\"p3\"><b>4. Drets de propietat intel\u00b7lectual i industrial<\/b><\/p>\n<p class=\"p2\">\n<p class=\"p1\">Els drets de propietat intel\u00b7lectual sobre els continguts, dissenys gr\u00e0fics, logotips, imatges, textos, gr\u00e0fics, il\u00b7lustracions, v\u00eddeos, marques, noms comercials, i altres elements del Lloc web s\u00f3n titularitat exclusiva de <b>Patricia D\u00edez Elipe<\/b>, o de tercers que hagin autoritzat el seu \u00fas. Qualsevol \u00fas no autoritzat de la totalitat o part d\u2019aquests continguts constitueix una infracci\u00f3 dels drets de propietat intel\u00b7lectual i industrial.<\/p>\n<p class=\"p2\">\n<p class=\"p1\"><b>\u00das personal<\/b>: L\u2019usuari pot visualitzar els continguts i fins i tot imprimir-los, copiar-los o emmagatzemar-los exclusivament per al seu \u00fas personal i privat. Qualsevol altre \u00fas, inclosa la seva reproducci\u00f3, distribuci\u00f3, transformaci\u00f3 o difusi\u00f3 p\u00fablica, requereix el consentiment expr\u00e9s de <b>Patricia D\u00edez Elipe<\/b>.<\/p>\n<p class=\"p2\">\n<p class=\"p3\"><b>5. Exclusi\u00f3 de garanties i responsabilitat<\/b><\/p>\n<p class=\"p2\">\n<p class=\"p1\">La Titular no es fa responsable de la informaci\u00f3 publicada al Lloc web sempre que aquesta hagi estat manipulada o introdu\u00efda per un tercer ali\u00e8. Aix\u00ed mateix, la Titular no garanteix la disponibilitat ni la continu\u00eftat del funcionament del Lloc web, ni la seva infal\u00b7libilitat, i es reserva el dret de suspendre temporalment l\u2019acc\u00e9s al Lloc web per motius t\u00e8cnics, de seguretat o manteniment.<\/p>\n<p class=\"p2\">\n<p class=\"p1\"><b>Enlla\u00e7os externs<\/b>: El Lloc web pot contenir enlla\u00e7os a altres llocs web gestionats per tercers. <b>Patricia D\u00edez Elipe<\/b> no es responsabilitza dels continguts ni del correcte funcionament d\u2019aquests llocs web externs.<\/p>\n<p class=\"p2\">\n<p class=\"p3\"><b>6. Protecci\u00f3 de dades personals<\/b><\/p>\n<p class=\"p2\">\n<p class=\"p1\">El tractament de les dades personals recollides a trav\u00e9s del Lloc web es realitzar\u00e0 de conformitat amb la normativa de protecci\u00f3 de dades aplicable, en particular el <b>Reglament General de Protecci\u00f3 de Dades (RGPD)<\/b> i la <b>Llei Org\u00e0nica 3\/2018<\/b>, de 5 de desembre, de protecci\u00f3 de dades personals i garantia dels drets digitals.<\/p>\n<p class=\"p2\">\n<p class=\"p1\">Per a m\u00e9s informaci\u00f3 sobre el tractament de dades personals, consulta la nostra [Pol\u00edtica de Privacitat].<\/p>\n<p class=\"p2\">\n<p class=\"p3\"><b>7. \u00das de cookies<\/b><\/p>\n<p class=\"p2\">\n<p class=\"p1\">Aquest Lloc web utilitza cookies per optimitzar l\u2019experi\u00e8ncia de navegaci\u00f3 i oferir serveis personalitzats. Per obtenir m\u00e9s informaci\u00f3 sobre l\u2019\u00fas de cookies, consulta la nostra [Pol\u00edtica de Cookies].<\/p>\n<p class=\"p2\">\n<p class=\"p3\"><b>8. Modificacions<\/b><\/p>\n<p class=\"p2\">\n<p class=\"p1\"><b>Patricia D\u00edez Elipe<\/b> es reserva el dret de modificar el present av\u00eds legal en qualsevol moment i sense av\u00eds previ, per tal d\u2019adaptar-lo a canvis legislatius, pr\u00e0ctiques del sector o millores t\u00e8cniques. Les modificacions entraran en vigor des del moment de la seva publicaci\u00f3 al Lloc web.<\/p>\n<p class=\"p2\">\n<p class=\"p3\"><b>9. Legislaci\u00f3 aplicable i jurisdicci\u00f3<\/b><\/p>\n<p class=\"p2\">\n<p class=\"p1\">Per a la resoluci\u00f3 de qualsevol conflicte o q\u00fcesti\u00f3 relacionada amb aquest Lloc web o les activitats que s\u2019hi desenvolupen, ser\u00e0 d\u2019aplicaci\u00f3 la legislaci\u00f3 espanyola, i les parts se sotmeten expressament a la jurisdicci\u00f3 dels jutjats i tribunals de <b>Barcelona<\/b>, renunciant expressament a qualsevol altre fur que els pogu\u00e9s correspondre.<\/p>[\/et_pb_text][\/et_pb_column][\/et_pb_row][\/et_pb_section][et_pb_section fb_built=&#8221;1&#8243; admin_label=&#8221;Contact Info&#8221; _builder_version=&#8221;4.22.0&#8243; _module_preset=&#8221;default&#8221; background_color=&#8221;gcid-70184d90-89dc-4d37-8a72-67bb78c7369e&#8221; width=&#8221;94%&#8221; width_tablet=&#8221;80%&#8221; width_phone=&#8221;80%&#8221; width_last_edited=&#8221;on|desktop&#8221; max_width=&#8221;2000px&#8221; module_alignment=&#8221;center&#8221; custom_margin=&#8221;60px||60px||true|false&#8221; border_radii=&#8221;on|10px|10px|10px|10px&#8221; collapsed=&#8221;on&#8221; global_colors_info=&#8221;{%22gcid-70184d90-89dc-4d37-8a72-67bb78c7369e%22:%91%22background_color%22%93}&#8221; theme_builder_area=&#8221;post_content&#8221;][et_pb_row column_structure=&#8221;1_3,1_3,1_3&#8243; _builder_version=&#8221;4.22.0&#8243; _module_preset=&#8221;default&#8221; global_colors_info=&#8221;{}&#8221; theme_builder_area=&#8221;post_content&#8221;][et_pb_column type=&#8221;1_3&#8243; _builder_version=&#8221;4.21.0&#8243; _module_preset=&#8221;default&#8221; global_colors_info=&#8221;{}&#8221; theme_builder_area=&#8221;post_content&#8221;][et_pb_icon font_icon=&#8221;&#xe090;||divi||400&#8243; icon_color=&#8221;#000000&#8243; icon_width=&#8221;16px&#8221; _builder_version=&#8221;4.21.0&#8243; _module_preset=&#8221;default&#8221; custom_padding=&#8221;12px|12px|12px|12px|true|true&#8221; border_radii=&#8221;on|100px|100px|100px|100px&#8221; border_width_all=&#8221;1px&#8221; border_color_all=&#8221;#000000&#8243; locked=&#8221;off&#8221; global_colors_info=&#8221;{}&#8221; theme_builder_area=&#8221;post_content&#8221;][\/et_pb_icon][et_pb_text _builder_version=&#8221;4.27.0&#8243; _module_preset=&#8221;c2455ea9-f073-41ab-b1b3-15f8a6132e77&#8243; header_5_font=&#8221;Martel Sans||||||||&#8221; text_orientation=&#8221;center&#8221; custom_margin=&#8221;||0px||false|false&#8221; global_colors_info=&#8221;{}&#8221; theme_builder_area=&#8221;post_content&#8221;]<h5>Truca&#8217;ns<\/h5>[\/et_pb_text][et_pb_text _builder_version=&#8221;4.27.0&#8243; _module_preset=&#8221;092f3d9f-b78f-40bf-af55-c1a828fd750e&#8221; text_font=&#8221;Martel Sans|300|||||||&#8221; text_text_color=&#8221;#000000&#8243; text_font_size=&#8221;24px&#8221; text_letter_spacing=&#8221;2px&#8221; text_line_height=&#8221;1.2em&#8221; header_3_font=&#8221;Martel Sans||||||||&#8221; header_4_font=&#8221;Martel Sans||||||||&#8221; text_orientation=&#8221;center&#8221; global_colors_info=&#8221;{}&#8221; theme_builder_area=&#8221;post_content&#8221;]<p>+34 697 43 56 29<\/p>[\/et_pb_text][\/et_pb_column][et_pb_column type=&#8221;1_3&#8243; _builder_version=&#8221;4.21.0&#8243; _module_preset=&#8221;default&#8221; global_colors_info=&#8221;{}&#8221; theme_builder_area=&#8221;post_content&#8221;][et_pb_icon font_icon=&#8221;&#xf017;||fa||900&#8243; icon_color=&#8221;#000000&#8243; icon_width=&#8221;16px&#8221; _builder_version=&#8221;4.27.0&#8243; _module_preset=&#8221;default&#8221; custom_padding=&#8221;12px|12px|12px|12px|true|true&#8221; border_radii=&#8221;on|100px|100px|100px|100px&#8221; border_width_all=&#8221;1px&#8221; border_color_all=&#8221;#000000&#8243; locked=&#8221;off&#8221; global_colors_info=&#8221;{}&#8221; theme_builder_area=&#8221;post_content&#8221;][\/et_pb_icon][et_pb_text _builder_version=&#8221;4.27.0&#8243; _module_preset=&#8221;c2455ea9-f073-41ab-b1b3-15f8a6132e77&#8243; header_5_font=&#8221;Martel Sans||||||||&#8221; text_orientation=&#8221;center&#8221; custom_margin=&#8221;||0px||false|false&#8221; global_colors_info=&#8221;{}&#8221; theme_builder_area=&#8221;post_content&#8221;]<h5>Horaris<\/h5>[\/et_pb_text][et_pb_text _builder_version=&#8221;4.27.0&#8243; _module_preset=&#8221;092f3d9f-b78f-40bf-af55-c1a828fd750e&#8221; text_font=&#8221;Martel Sans|300|||||||&#8221; text_text_color=&#8221;#000000&#8243; text_font_size=&#8221;24px&#8221; text_letter_spacing=&#8221;2px&#8221; text_line_height=&#8221;1.2em&#8221; header_3_font=&#8221;Martel Sans||||||||&#8221; header_4_font=&#8221;Martel Sans||||||||&#8221; text_orientation=&#8221;center&#8221; global_colors_info=&#8221;{}&#8221; theme_builder_area=&#8221;post_content&#8221;]<p>Dilluns a divendres de 9 a 18:30h<\/p>[\/et_pb_text][\/et_pb_column][et_pb_column type=&#8221;1_3&#8243; _builder_version=&#8221;4.21.0&#8243; _module_preset=&#8221;default&#8221; global_colors_info=&#8221;{}&#8221; theme_builder_area=&#8221;post_content&#8221;][et_pb_icon font_icon=&#8221;&#xe081;||divi||400&#8243; icon_color=&#8221;#000000&#8243; icon_width=&#8221;16px&#8221; _builder_version=&#8221;4.21.0&#8243; _module_preset=&#8221;default&#8221; custom_padding=&#8221;12px|12px|12px|12px|true|true&#8221; border_radii=&#8221;on|100px|100px|100px|100px&#8221; border_width_all=&#8221;1px&#8221; border_color_all=&#8221;#000000&#8243; locked=&#8221;off&#8221; global_colors_info=&#8221;{}&#8221; theme_builder_area=&#8221;post_content&#8221;][\/et_pb_icon][et_pb_text _builder_version=&#8221;4.27.0&#8243; _module_preset=&#8221;c2455ea9-f073-41ab-b1b3-15f8a6132e77&#8243; header_5_font=&#8221;Martel Sans||||||||&#8221; text_orientation=&#8221;center&#8221; custom_margin=&#8221;||0px||false|false&#8221; global_colors_info=&#8221;{}&#8221; theme_builder_area=&#8221;post_content&#8221;]<h5>Direcci\u00f3<\/h5>[\/et_pb_text][et_pb_text _builder_version=&#8221;4.27.0&#8243; _module_preset=&#8221;092f3d9f-b78f-40bf-af55-c1a828fd750e&#8221; text_font=&#8221;Martel Sans|300|||||||&#8221; text_text_color=&#8221;#000000&#8243; text_font_size=&#8221;24px&#8221; text_letter_spacing=&#8221;2px&#8221; text_line_height=&#8221;1.2em&#8221; header_3_font=&#8221;Martel Sans||||||||&#8221; header_4_font=&#8221;Martel Sans||||||||&#8221; text_orientation=&#8221;center&#8221; global_colors_info=&#8221;{}&#8221; theme_builder_area=&#8221;post_content&#8221;]<p>Carrer de Gabriel y Gal\u00e1n, 24, Sant Mart\u00ed, 08026 Barcelona<\/p>[\/et_pb_text][\/et_pb_column][\/et_pb_row][\/et_pb_section][et_pb_section fb_built=&#8221;1&#8243; disabled_on=&#8221;on|on|on&#8221; admin_label=&#8221;Map&#8221; _builder_version=&#8221;4.27.0&#8243; _module_preset=&#8221;default&#8221; custom_padding=&#8221;0px||||false|false&#8221; disabled=&#8221;on&#8221; collapsed=&#8221;on&#8221; global_colors_info=&#8221;{}&#8221; theme_builder_area=&#8221;post_content&#8221;][et_pb_row _builder_version=&#8221;4.22.0&#8243; _module_preset=&#8221;default&#8221; width=&#8221;94%&#8221; width_tablet=&#8221;80%&#8221; width_phone=&#8221;80%&#8221; width_last_edited=&#8221;on|desktop&#8221; max_width=&#8221;2000px&#8221; custom_padding=&#8221;0px||0px||true|false&#8221; border_radii=&#8221;on|10px|10px|10px|10px&#8221; global_colors_info=&#8221;{}&#8221; theme_builder_area=&#8221;post_content&#8221;][et_pb_column type=&#8221;4_4&#8243; _builder_version=&#8221;4.21.0&#8243; _module_preset=&#8221;default&#8221; global_colors_info=&#8221;{}&#8221; theme_builder_area=&#8221;post_content&#8221;][et_pb_map address=&#8221;San Francisco, CA, USA&#8221; address_lat=&#8221;37.7749295&#8243; address_lng=&#8221;-122.4194155&#8243; mouse_wheel=&#8221;off&#8221; _builder_version=&#8221;4.21.0&#8243; _module_preset=&#8221;default&#8221; locked=&#8221;off&#8221; global_colors_info=&#8221;{}&#8221; theme_builder_area=&#8221;post_content&#8221;][et_pb_map_pin pin_address=&#8221;San Francisco, CA, USA&#8221; pin_address_lat=&#8221;37.7749295&#8243; pin_address_lng=&#8221;-122.4194155&#8243; _builder_version=&#8221;4.21.0&#8243; _module_preset=&#8221;default&#8221; global_colors_info=&#8221;{}&#8221; theme_builder_area=&#8221;post_content&#8221;][\/et_pb_map_pin][\/et_pb_map][\/et_pb_column][\/et_pb_row][\/et_pb_section]\n","protected":false},"excerpt":{"rendered":"<p>Av\u00eds LegalAquest document estableix els termes en qu\u00e8 es regula l\u2019acc\u00e9s i \u00fas del lloc web https:\/\/patriciadiez.com\/ (en endavant, el \u201cLloc web\u201d), titularitat de Patricia D\u00edez Elipe (en endavant, la \u201cTitular\u201d). En accedir i utilitzar aquest Lloc web, l\u2019usuari accepta les condicions d\u2019\u00fas que es detallen a continuaci\u00f3. 1. Titularitat del lloc web En compliment [&hellip;]<\/p>\n","protected":false},"author":1,"featured_media":0,"parent":0,"menu_order":0,"comment_status":"closed","ping_status":"closed","template":"","meta":{"_et_pb_use_builder":"on","_et_pb_old_content":"","_et_gb_content_width":"","_joinchat":[],"footnotes":""},"class_list":["post-5346","page","type-page","status-publish","hentry"],"_links":{"self":[{"href":"https:\/\/patriciadiez.com\/es\/wp-json\/wp\/v2\/pages\/5346","targetHints":{"allow":["GET"]}}],"collection":[{"href":"https:\/\/patriciadiez.com\/es\/wp-json\/wp\/v2\/pages"}],"about":[{"href":"https:\/\/patriciadiez.com\/es\/wp-json\/wp\/v2\/types\/page"}],"author":[{"embeddable":true,"href":"https:\/\/patriciadiez.com\/es\/wp-json\/wp\/v2\/users\/1"}],"replies":[{"embeddable":true,"href":"https:\/\/patriciadiez.com\/es\/wp-json\/wp\/v2\/comments?post=5346"}],"version-history":[{"count":0,"href":"https:\/\/patriciadiez.com\/es\/wp-json\/wp\/v2\/pages\/5346\/revisions"}],"wp:attachment":[{"href":"https:\/\/patriciadiez.com\/es\/wp-json\/wp\/v2\/media?parent=5346"}],"curies":[{"name":"wp","href":"https:\/\/api.w.org\/{rel}","templated":true}]}}