{"id":5343,"date":"2024-09-04T15:15:17","date_gmt":"2024-09-04T15:15:17","guid":{"rendered":"https:\/\/patriciadiez.com\/?page_id=5343"},"modified":"2024-09-04T15:15:23","modified_gmt":"2024-09-04T15:15:23","slug":"politica-de-privadesa","status":"publish","type":"page","link":"https:\/\/patriciadiez.com\/es\/politica-de-privadesa","title":{"rendered":"Politica de privadesa"},"content":{"rendered":"\n[et_pb_section fb_built=&#8221;1&#8243; admin_label=&#8221;Services&#8221; _builder_version=&#8221;4.21.0&#8243; _module_preset=&#8221;default&#8221; collapsed=&#8221;on&#8221; global_colors_info=&#8221;{}&#8221; theme_builder_area=&#8221;post_content&#8221;][et_pb_row _builder_version=&#8221;4.21.0&#8243; _module_preset=&#8221;default&#8221; max_width=&#8221;800px&#8221; global_colors_info=&#8221;{}&#8221; theme_builder_area=&#8221;post_content&#8221;][et_pb_column type=&#8221;4_4&#8243; _builder_version=&#8221;4.21.0&#8243; _module_preset=&#8221;default&#8221; global_colors_info=&#8221;{}&#8221; theme_builder_area=&#8221;post_content&#8221;][et_pb_text _builder_version=&#8221;4.27.0&#8243; _module_preset=&#8221;17446380-b4d1-467a-89f7-c63b32e00f93&#8243; header_2_font=&#8221;Martel Sans||||||||&#8221; text_orientation=&#8221;center&#8221; custom_margin=&#8221;||10px||false|false&#8221; global_colors_info=&#8221;{}&#8221; theme_builder_area=&#8221;post_content&#8221;]<h2>Pol\u00edtica de privadesa<\/h2>[\/et_pb_text][\/et_pb_column][\/et_pb_row][et_pb_row _builder_version=&#8221;4.27.0&#8243; _module_preset=&#8221;default&#8221; theme_builder_area=&#8221;post_content&#8221;][et_pb_column _builder_version=&#8221;4.27.0&#8243; _module_preset=&#8221;default&#8221; type=&#8221;4_4&#8243; theme_builder_area=&#8221;post_content&#8221;][et_pb_text _builder_version=&#8221;4.27.0&#8243; _module_preset=&#8221;default&#8221; theme_builder_area=&#8221;post_content&#8221; hover_enabled=&#8221;0&#8243; sticky_enabled=&#8221;0&#8243;]<p class=\"p1\">A <a href=\"https:\/\/patriciadiez.com\/\"><b>Patricia D\u00edez<\/b><\/a> (en endavant, el \u201cLloc web\u201d), ens comprometem a protegir la privacitat dels nostres visitants i usuaris. Aquesta pol\u00edtica de privacitat explica com recopilem, utilitzem, emmagatzemem i protegim les teves dades personals, en compliment del <b>Reglament (UE) 2016\/679<\/b> (Reglament General de Protecci\u00f3 de Dades o \u201cRGPD\u201d) i la normativa aplicable a Espanya.<\/p>\n<p class=\"p2\">\n<p class=\"p3\"><b>1. Responsable del tractament de dades<\/b><\/p>\n<p class=\"p2\">\n<p class=\"p1\">El responsable del tractament de les teves dades personals \u00e9s:<\/p>\n<p class=\"p2\">\n<p class=\"p4\"><span class=\"Apple-tab-span\"> <\/span>\u2022<span class=\"Apple-tab-span\"> <\/span><b>Patricia D\u00edez Elipe<\/b><\/p>\n<p class=\"p4\"><span class=\"Apple-tab-span\"> <\/span>\u2022<span class=\"Apple-tab-span\"> <\/span><b>NIF<\/b>: 43558969M<\/p>\n<p class=\"p4\"><span class=\"Apple-tab-span\"> <\/span>\u2022<span class=\"Apple-tab-span\"> <\/span><b>Adre\u00e7a<\/b>: Llull 356, Torre B, 3-6, 08019 Barcelona, Espanya<\/p>\n<p class=\"p4\"><span class=\"Apple-tab-span\"> <\/span>\u2022<span class=\"Apple-tab-span\"> <\/span><b>Correu electr\u00f2nic<\/b>: patriciadiezelipe@gmail.com<\/p>\n<p class=\"p4\"><span class=\"Apple-tab-span\"> <\/span>\u2022<span class=\"Apple-tab-span\"> <\/span><b>Tel\u00e8fon<\/b>: 697 43 56 29<\/p>\n<p class=\"p2\">\n<p class=\"p3\"><b>2. Dades personals que recopilem<\/b><\/p>\n<p class=\"p2\">\n<p class=\"p1\">Recopilem les seg\u00fcents dades personals quan visites i utilitzes el Lloc web:<\/p>\n<p class=\"p2\">\n<p class=\"p4\"><span class=\"Apple-tab-span\"> <\/span>\u2022<span class=\"Apple-tab-span\"> <\/span><b>Dades de contacte<\/b>: nom, correu electr\u00f2nic i qualsevol altra informaci\u00f3 que ens proporcionis quan et posis en contacte amb nosaltres a trav\u00e9s del formulari o correu electr\u00f2nic.<\/p>\n<p class=\"p4\"><span class=\"Apple-tab-span\"> <\/span>\u2022<span class=\"Apple-tab-span\"> <\/span><b>Dades de navegaci\u00f3<\/b>: adre\u00e7a IP, ubicaci\u00f3 geogr\u00e0fica, tipus de dispositiu, sistema operatiu, tipus de navegador, i altres dades d\u2019\u00fas recollides mitjan\u00e7ant cookies o tecnologies similars (consulta la nostra [Pol\u00edtica de Cookies]).<\/p>\n<p class=\"p2\">\n<p class=\"p3\"><b>3. Finalitat del tractament de les dades<\/b><\/p>\n<p class=\"p2\">\n<p class=\"p1\">Utilitzem les dades personals per a les seg\u00fcents finalitats:<\/p>\n<p class=\"p2\">\n<p class=\"p4\"><span class=\"Apple-tab-span\"> <\/span>\u2022<span class=\"Apple-tab-span\"> <\/span><b>Respondre consultes i sol\u00b7licituds<\/b>: per gestionar i respondre les consultes que ens envi\u00efs a trav\u00e9s dels nostres formularis de contacte o mitjan\u00e7ant correu electr\u00f2nic.<\/p>\n<p class=\"p4\"><span class=\"Apple-tab-span\"> <\/span>\u2022<span class=\"Apple-tab-span\"> <\/span><b>Millorar el Lloc web<\/b>: per analitzar el comportament dels usuaris al Lloc web i millorar la seva usabilitat i rendiment.<\/p>\n<p class=\"p4\"><span class=\"Apple-tab-span\"> <\/span>\u2022<span class=\"Apple-tab-span\"> <\/span><b>Compliment d\u2019obligacions legals<\/b>: per complir amb les nostres obligacions legals i normatives.<\/p>\n<p class=\"p2\">\n<p class=\"p3\"><b>4. Base legal per al tractament de les dades<\/b><\/p>\n<p class=\"p2\">\n<p class=\"p1\">El tractament de les teves dades personals es realitza sobre les seg\u00fcents bases legals establertes pel RGPD:<\/p>\n<p class=\"p2\">\n<p class=\"p4\"><span class=\"Apple-tab-span\"> <\/span>\u2022<span class=\"Apple-tab-span\"> <\/span><b>Consentiment<\/b>: en proporcionar volunt\u00e0riament les teves dades de contacte mitjan\u00e7ant els formularis del Lloc web o per correu electr\u00f2nic, consents que tractem aquestes dades per a les finalitats esmentades. Pots retirar el teu consentiment en qualsevol moment.<\/p>\n<p class=\"p4\"><span class=\"Apple-tab-span\"> <\/span>\u2022<span class=\"Apple-tab-span\"> <\/span><b>Inter\u00e8s leg\u00edtim<\/b>: tractem dades de navegaci\u00f3 per millorar el funcionament del Lloc web, basant-nos en el nostre inter\u00e8s leg\u00edtim d\u2019optimitzaci\u00f3 de l\u2019experi\u00e8ncia de l\u2019usuari.<\/p>\n<p class=\"p4\"><span class=\"Apple-tab-span\"> <\/span>\u2022<span class=\"Apple-tab-span\"> <\/span><b>Compliment d\u2019una obligaci\u00f3 legal<\/b>: en cas que sigui necessari complir amb alguna obligaci\u00f3 legal aplicable, com les normatives fiscals o de protecci\u00f3 de dades.<\/p>\n<p class=\"p2\">\n<p class=\"p3\"><b>5. Conservaci\u00f3 de les dades<\/b><\/p>\n<p class=\"p2\">\n<p class=\"p1\">Conservarem les teves dades personals nom\u00e9s durant el temps necessari per complir les finalitats per a les quals van ser recollides, llevat que la legislaci\u00f3 exigeixi un per\u00edode m\u00e9s llarg de conservaci\u00f3. En el cas de dades de contacte proporcionades per a consultes, les dades seran eliminades una vegada la comunicaci\u00f3 hagi finalitzat, tret que hi hagi una obligaci\u00f3 legal de retenir-les.<\/p>\n<p class=\"p2\">\n<p class=\"p3\"><b>6. Destinataris de les dades<\/b><\/p>\n<p class=\"p2\">\n<p class=\"p1\">Les teves dades personals no es cediran a tercers, excepte en els seg\u00fcents casos:<\/p>\n<p class=\"p2\">\n<p class=\"p4\"><span class=\"Apple-tab-span\"> <\/span>\u2022<span class=\"Apple-tab-span\"> <\/span>Per complir amb una obligaci\u00f3 legal o judicial.<\/p>\n<p class=\"p4\"><span class=\"Apple-tab-span\"> <\/span>\u2022<span class=\"Apple-tab-span\"> <\/span>Per protegir els drets, propietat o seguretat de Patricia D\u00edez o dels usuaris del Lloc web.<\/p>\n<p class=\"p2\">\n<p class=\"p1\">En alguns casos, podem compartir les teves dades amb prove\u00efdors de serveis que ens ajuden a operar el Lloc web (per exemple, prove\u00efdors d\u2019allotjament web, anal\u00edtica o serveis de m\u00e0rqueting), sempre sota estrictes contractes que assegurin que les teves dades personals es tracten conforme a les disposicions del RGPD.<\/p>\n<p class=\"p2\">\n<p class=\"p3\"><b>7. Drets de l\u2019usuari<\/b><\/p>\n<p class=\"p2\">\n<p class=\"p1\">Com a usuari, tens els seg\u00fcents drets en relaci\u00f3 amb el tractament de les teves dades personals:<\/p>\n<p class=\"p2\">\n<p class=\"p4\"><span class=\"Apple-tab-span\"> <\/span>\u2022<span class=\"Apple-tab-span\"> <\/span><b>Dret d\u2019acc\u00e9s<\/b>: pots sol\u00b7licitar informaci\u00f3 sobre si estem tractant les teves dades personals i, en cas afirmatiu, accedir a aquestes dades.<\/p>\n<p class=\"p4\"><span class=\"Apple-tab-span\"> <\/span>\u2022<span class=\"Apple-tab-span\"> <\/span><b>Dret de rectificaci\u00f3<\/b>: tens dret a sol\u00b7licitar la correcci\u00f3 de dades personals inexactes o incompletes.<\/p>\n<p class=\"p4\"><span class=\"Apple-tab-span\"> <\/span>\u2022<span class=\"Apple-tab-span\"> <\/span><b>Dret de supressi\u00f3 (\u201cdret a l\u2019oblit\u201d)<\/b>: pots sol\u00b7licitar l\u2019eliminaci\u00f3 de les teves dades personals quan ja no siguin necess\u00e0ries per a les finalitats per a les quals van ser recollides.<\/p>\n<p class=\"p4\"><span class=\"Apple-tab-span\"> <\/span>\u2022<span class=\"Apple-tab-span\"> <\/span><b>Dret a la limitaci\u00f3 del tractament<\/b>: tens dret a sol\u00b7licitar la limitaci\u00f3 del tractament de les teves dades en determinats casos.<\/p>\n<p class=\"p4\"><span class=\"Apple-tab-span\"> <\/span>\u2022<span class=\"Apple-tab-span\"> <\/span><b>Dret d\u2019oposici\u00f3<\/b>: pots oposar-te al tractament de les teves dades personals en determinades circumst\u00e0ncies.<\/p>\n<p class=\"p4\"><span class=\"Apple-tab-span\"> <\/span>\u2022<span class=\"Apple-tab-span\"> <\/span><b>Dret a la portabilitat de les dades<\/b>: pots sol\u00b7licitar rebre les teves dades personals en un format estructurat, d\u2019\u00fas com\u00fa i lectura mec\u00e0nica, o que les transmetem a un altre responsable del tractament.<\/p>\n<p class=\"p2\">\n<p class=\"p1\">Per exercir qualsevol d\u2019aquests drets, pots contactar a Patricia D\u00edez Elipe a trav\u00e9s del correu electr\u00f2nic: patriciadiezelipe@gmail.com o per escrit a l\u2019adre\u00e7a Llull 356, Torre B, 3-6, 08019 Barcelona. A m\u00e9s, tens dret a presentar una reclamaci\u00f3 davant de l\u2019<b>Ag\u00e8ncia Espanyola de Protecci\u00f3 de Dades (AEPD)<\/b> si consideres que els teus drets no han estat respectats.<\/p>\n<p class=\"p2\">\n<p class=\"p3\"><b>8. Seguretat de les dades<\/b><\/p>\n<p class=\"p2\">\n<p class=\"p1\">Hem implementat les mesures t\u00e8cniques i organitzatives necess\u00e0ries per garantir la seguretat de les teves dades personals i protegir-les contra l\u2019acc\u00e9s no autoritzat, la p\u00e8rdua accidental o l\u2019\u00fas indegut. No obstant aix\u00f2, a causa de la naturalesa d\u2019Internet, no podem garantir completament la seguretat de la informaci\u00f3 transmesa a trav\u00e9s del nostre Lloc web.<\/p>\n<p class=\"p2\">\n<p class=\"p3\"><b>9. \u00das de cookies<\/b><\/p>\n<p class=\"p2\">\n<p class=\"p1\">El Lloc web utilitza cookies i tecnologies similars per millorar la teva experi\u00e8ncia d\u2019usuari i analitzar el tr\u00e0nsit web. Per a m\u00e9s informaci\u00f3 sobre les cookies que utilitzem i com pots gestionar-les, consulta la nostra [Pol\u00edtica de Cookies].<\/p>\n<p class=\"p2\">\n<p class=\"p3\"><b>10. Transfer\u00e8ncies internacionals de dades<\/b><\/p>\n<p class=\"p2\">\n<p class=\"p1\">Les teves dades personals no seran transferides fora de l\u2019Espai Econ\u00f2mic Europeu (EEE). En cas que en el futur sigui necessari transferir les teves dades a un pa\u00eds fora del EEE, ens assegurarem que s\u2019adoptin les mesures adequades per protegir els teus drets i llibertats, de conformitat amb el previst pel RGPD.<\/p>\n<p class=\"p2\">\n<p class=\"p3\"><b>11. Modificacions a aquesta pol\u00edtica de privacitat<\/b><\/p>\n<p class=\"p2\">\n<p class=\"p1\">Ens reservem el dret de modificar aquesta pol\u00edtica de privacitat per adaptar-la a novetats legislatives o jurisprudencials, aix\u00ed com a pr\u00e0ctiques del sector. Qualsevol canvi ser\u00e0 notificat a trav\u00e9s del Lloc web i et recomanem revisar peri\u00f2dicament aquesta pol\u00edtica per estar informat sobre com protegim la teva informaci\u00f3.<\/p>\n<p class=\"p2\">\n<p class=\"p3\"><b>12. Contacte<\/b><\/p>\n<p class=\"p2\">\n<p class=\"p1\">Si tens preguntes o inquietuds sobre aquesta pol\u00edtica de privacitat o el tractament de les teves dades personals, pots contactar-nos a trav\u00e9s de:<\/p>\n<p class=\"p2\">\n<p class=\"p4\"><span class=\"Apple-tab-span\"> <\/span>\u2022<span class=\"Apple-tab-span\"> <\/span><b>Correu electr\u00f2nic<\/b>: patriciadiezelipe@gmail.com<\/p>\n<p class=\"p4\"><span class=\"Apple-tab-span\"> <\/span>\u2022<span class=\"Apple-tab-span\"> <\/span><b>Adre\u00e7a<\/b>: Llull 356, Torre B, 3-6, 08019 Barcelona, Espanya<\/p>\n<p class=\"p4\"><span class=\"Apple-tab-span\"> <\/span>\u2022<span class=\"Apple-tab-span\"> <\/span><b>Tel\u00e8fon<\/b>: 697 43 56 29<\/p>[\/et_pb_text][\/et_pb_column][\/et_pb_row][\/et_pb_section][et_pb_section fb_built=&#8221;1&#8243; admin_label=&#8221;Contact Info&#8221; _builder_version=&#8221;4.22.0&#8243; _module_preset=&#8221;default&#8221; background_color=&#8221;gcid-70184d90-89dc-4d37-8a72-67bb78c7369e&#8221; width=&#8221;94%&#8221; width_tablet=&#8221;80%&#8221; width_phone=&#8221;80%&#8221; width_last_edited=&#8221;on|desktop&#8221; max_width=&#8221;2000px&#8221; module_alignment=&#8221;center&#8221; custom_margin=&#8221;60px||60px||true|false&#8221; border_radii=&#8221;on|10px|10px|10px|10px&#8221; collapsed=&#8221;on&#8221; global_colors_info=&#8221;{%22gcid-70184d90-89dc-4d37-8a72-67bb78c7369e%22:%91%22background_color%22%93}&#8221; theme_builder_area=&#8221;post_content&#8221;][et_pb_row column_structure=&#8221;1_3,1_3,1_3&#8243; _builder_version=&#8221;4.22.0&#8243; _module_preset=&#8221;default&#8221; global_colors_info=&#8221;{}&#8221; theme_builder_area=&#8221;post_content&#8221;][et_pb_column type=&#8221;1_3&#8243; _builder_version=&#8221;4.21.0&#8243; _module_preset=&#8221;default&#8221; global_colors_info=&#8221;{}&#8221; theme_builder_area=&#8221;post_content&#8221;][et_pb_icon font_icon=&#8221;&#xe090;||divi||400&#8243; icon_color=&#8221;#000000&#8243; icon_width=&#8221;16px&#8221; _builder_version=&#8221;4.21.0&#8243; _module_preset=&#8221;default&#8221; custom_padding=&#8221;12px|12px|12px|12px|true|true&#8221; border_radii=&#8221;on|100px|100px|100px|100px&#8221; border_width_all=&#8221;1px&#8221; border_color_all=&#8221;#000000&#8243; locked=&#8221;off&#8221; global_colors_info=&#8221;{}&#8221; theme_builder_area=&#8221;post_content&#8221;][\/et_pb_icon][et_pb_text _builder_version=&#8221;4.27.0&#8243; _module_preset=&#8221;c2455ea9-f073-41ab-b1b3-15f8a6132e77&#8243; header_5_font=&#8221;Martel Sans||||||||&#8221; text_orientation=&#8221;center&#8221; custom_margin=&#8221;||0px||false|false&#8221; global_colors_info=&#8221;{}&#8221; theme_builder_area=&#8221;post_content&#8221;]<h5>Truca&#8217;ns<\/h5>[\/et_pb_text][et_pb_text _builder_version=&#8221;4.27.0&#8243; _module_preset=&#8221;092f3d9f-b78f-40bf-af55-c1a828fd750e&#8221; text_font=&#8221;Martel Sans|300|||||||&#8221; text_text_color=&#8221;#000000&#8243; text_font_size=&#8221;24px&#8221; text_letter_spacing=&#8221;2px&#8221; text_line_height=&#8221;1.2em&#8221; header_3_font=&#8221;Martel Sans||||||||&#8221; header_4_font=&#8221;Martel Sans||||||||&#8221; text_orientation=&#8221;center&#8221; global_colors_info=&#8221;{}&#8221; theme_builder_area=&#8221;post_content&#8221;]<p>+34 697 43 56 29<\/p>[\/et_pb_text][\/et_pb_column][et_pb_column type=&#8221;1_3&#8243; _builder_version=&#8221;4.21.0&#8243; _module_preset=&#8221;default&#8221; global_colors_info=&#8221;{}&#8221; theme_builder_area=&#8221;post_content&#8221;][et_pb_icon font_icon=&#8221;&#xf017;||fa||900&#8243; icon_color=&#8221;#000000&#8243; icon_width=&#8221;16px&#8221; _builder_version=&#8221;4.27.0&#8243; _module_preset=&#8221;default&#8221; custom_padding=&#8221;12px|12px|12px|12px|true|true&#8221; border_radii=&#8221;on|100px|100px|100px|100px&#8221; border_width_all=&#8221;1px&#8221; border_color_all=&#8221;#000000&#8243; locked=&#8221;off&#8221; global_colors_info=&#8221;{}&#8221; theme_builder_area=&#8221;post_content&#8221;][\/et_pb_icon][et_pb_text _builder_version=&#8221;4.27.0&#8243; _module_preset=&#8221;c2455ea9-f073-41ab-b1b3-15f8a6132e77&#8243; header_5_font=&#8221;Martel Sans||||||||&#8221; text_orientation=&#8221;center&#8221; custom_margin=&#8221;||0px||false|false&#8221; global_colors_info=&#8221;{}&#8221; theme_builder_area=&#8221;post_content&#8221;]<h5>Horaris<\/h5>[\/et_pb_text][et_pb_text _builder_version=&#8221;4.27.0&#8243; _module_preset=&#8221;092f3d9f-b78f-40bf-af55-c1a828fd750e&#8221; text_font=&#8221;Martel Sans|300|||||||&#8221; text_text_color=&#8221;#000000&#8243; text_font_size=&#8221;24px&#8221; text_letter_spacing=&#8221;2px&#8221; text_line_height=&#8221;1.2em&#8221; header_3_font=&#8221;Martel Sans||||||||&#8221; header_4_font=&#8221;Martel Sans||||||||&#8221; text_orientation=&#8221;center&#8221; global_colors_info=&#8221;{}&#8221; theme_builder_area=&#8221;post_content&#8221;]<p>Dilluns a divendres de 9 a 18:30h<\/p>[\/et_pb_text][\/et_pb_column][et_pb_column type=&#8221;1_3&#8243; _builder_version=&#8221;4.21.0&#8243; _module_preset=&#8221;default&#8221; global_colors_info=&#8221;{}&#8221; theme_builder_area=&#8221;post_content&#8221;][et_pb_icon font_icon=&#8221;&#xe081;||divi||400&#8243; icon_color=&#8221;#000000&#8243; icon_width=&#8221;16px&#8221; _builder_version=&#8221;4.21.0&#8243; _module_preset=&#8221;default&#8221; custom_padding=&#8221;12px|12px|12px|12px|true|true&#8221; border_radii=&#8221;on|100px|100px|100px|100px&#8221; border_width_all=&#8221;1px&#8221; border_color_all=&#8221;#000000&#8243; locked=&#8221;off&#8221; global_colors_info=&#8221;{}&#8221; theme_builder_area=&#8221;post_content&#8221;][\/et_pb_icon][et_pb_text _builder_version=&#8221;4.27.0&#8243; _module_preset=&#8221;c2455ea9-f073-41ab-b1b3-15f8a6132e77&#8243; header_5_font=&#8221;Martel Sans||||||||&#8221; text_orientation=&#8221;center&#8221; custom_margin=&#8221;||0px||false|false&#8221; global_colors_info=&#8221;{}&#8221; theme_builder_area=&#8221;post_content&#8221;]<h5>Direcci\u00f3<\/h5>[\/et_pb_text][et_pb_text _builder_version=&#8221;4.27.0&#8243; _module_preset=&#8221;092f3d9f-b78f-40bf-af55-c1a828fd750e&#8221; text_font=&#8221;Martel Sans|300|||||||&#8221; text_text_color=&#8221;#000000&#8243; text_font_size=&#8221;24px&#8221; text_letter_spacing=&#8221;2px&#8221; text_line_height=&#8221;1.2em&#8221; header_3_font=&#8221;Martel Sans||||||||&#8221; header_4_font=&#8221;Martel Sans||||||||&#8221; text_orientation=&#8221;center&#8221; global_colors_info=&#8221;{}&#8221; theme_builder_area=&#8221;post_content&#8221;]<p>Carrer de Gabriel y Gal\u00e1n, 24, Sant Mart\u00ed, 08026 Barcelona<\/p>[\/et_pb_text][\/et_pb_column][\/et_pb_row][\/et_pb_section][et_pb_section fb_built=&#8221;1&#8243; disabled_on=&#8221;on|on|on&#8221; admin_label=&#8221;Map&#8221; _builder_version=&#8221;4.27.0&#8243; _module_preset=&#8221;default&#8221; custom_padding=&#8221;0px||||false|false&#8221; disabled=&#8221;on&#8221; collapsed=&#8221;on&#8221; global_colors_info=&#8221;{}&#8221; theme_builder_area=&#8221;post_content&#8221;][et_pb_row _builder_version=&#8221;4.22.0&#8243; _module_preset=&#8221;default&#8221; width=&#8221;94%&#8221; width_tablet=&#8221;80%&#8221; width_phone=&#8221;80%&#8221; width_last_edited=&#8221;on|desktop&#8221; max_width=&#8221;2000px&#8221; custom_padding=&#8221;0px||0px||true|false&#8221; border_radii=&#8221;on|10px|10px|10px|10px&#8221; global_colors_info=&#8221;{}&#8221; theme_builder_area=&#8221;post_content&#8221;][et_pb_column type=&#8221;4_4&#8243; _builder_version=&#8221;4.21.0&#8243; _module_preset=&#8221;default&#8221; global_colors_info=&#8221;{}&#8221; theme_builder_area=&#8221;post_content&#8221;][et_pb_map address=&#8221;San Francisco, CA, USA&#8221; address_lat=&#8221;37.7749295&#8243; address_lng=&#8221;-122.4194155&#8243; mouse_wheel=&#8221;off&#8221; _builder_version=&#8221;4.21.0&#8243; _module_preset=&#8221;default&#8221; locked=&#8221;off&#8221; global_colors_info=&#8221;{}&#8221; theme_builder_area=&#8221;post_content&#8221;][et_pb_map_pin pin_address=&#8221;San Francisco, CA, USA&#8221; pin_address_lat=&#8221;37.7749295&#8243; pin_address_lng=&#8221;-122.4194155&#8243; _builder_version=&#8221;4.21.0&#8243; _module_preset=&#8221;default&#8221; global_colors_info=&#8221;{}&#8221; theme_builder_area=&#8221;post_content&#8221;][\/et_pb_map_pin][\/et_pb_map][\/et_pb_column][\/et_pb_row][\/et_pb_section]\n","protected":false},"excerpt":{"rendered":"<p>Pol\u00edtica de privadesaA Patricia D\u00edez (en endavant, el \u201cLloc web\u201d), ens comprometem a protegir la privacitat dels nostres visitants i usuaris. Aquesta pol\u00edtica de privacitat explica com recopilem, utilitzem, emmagatzemem i protegim les teves dades personals, en compliment del Reglament (UE) 2016\/679 (Reglament General de Protecci\u00f3 de Dades o \u201cRGPD\u201d) i la normativa aplicable a [&hellip;]<\/p>\n","protected":false},"author":1,"featured_media":0,"parent":0,"menu_order":0,"comment_status":"closed","ping_status":"closed","template":"","meta":{"_et_pb_use_builder":"on","_et_pb_old_content":"","_et_gb_content_width":"","_joinchat":[],"footnotes":""},"class_list":["post-5343","page","type-page","status-publish","hentry"],"_links":{"self":[{"href":"https:\/\/patriciadiez.com\/es\/wp-json\/wp\/v2\/pages\/5343","targetHints":{"allow":["GET"]}}],"collection":[{"href":"https:\/\/patriciadiez.com\/es\/wp-json\/wp\/v2\/pages"}],"about":[{"href":"https:\/\/patriciadiez.com\/es\/wp-json\/wp\/v2\/types\/page"}],"author":[{"embeddable":true,"href":"https:\/\/patriciadiez.com\/es\/wp-json\/wp\/v2\/users\/1"}],"replies":[{"embeddable":true,"href":"https:\/\/patriciadiez.com\/es\/wp-json\/wp\/v2\/comments?post=5343"}],"version-history":[{"count":0,"href":"https:\/\/patriciadiez.com\/es\/wp-json\/wp\/v2\/pages\/5343\/revisions"}],"wp:attachment":[{"href":"https:\/\/patriciadiez.com\/es\/wp-json\/wp\/v2\/media?parent=5343"}],"curies":[{"name":"wp","href":"https:\/\/api.w.org\/{rel}","templated":true}]}}